{"id":10317,"date":"2023-08-28T17:53:14","date_gmt":"2023-08-28T17:53:14","guid":{"rendered":"https:\/\/micau.pt\/politica-de-privacidad\/"},"modified":"2023-08-28T18:51:32","modified_gmt":"2023-08-28T18:51:32","slug":"politica-de-privacidad","status":"publish","type":"page","link":"https:\/\/micau.pt\/es\/politica-de-privacidad\/","title":{"rendered":"Pol\u00edtica de Privacidad"},"content":{"rendered":"\t\t<div data-elementor-type=\"wp-page\" data-elementor-id=\"10317\" class=\"elementor elementor-10317 elementor-10302\" data-elementor-post-type=\"page\">\n\t\t\t\t\t\t<section class=\"elementor-section elementor-top-section elementor-element elementor-element-2867522 elementor-section-full_width elementor-section-height-min-height elementor-section-height-default elementor-section-items-middle\" data-id=\"2867522\" data-element_type=\"section\" data-settings=\"{&quot;jet_parallax_layout_list&quot;:[{&quot;jet_parallax_layout_image&quot;:{&quot;url&quot;:&quot;&quot;,&quot;id&quot;:&quot;&quot;,&quot;size&quot;:&quot;&quot;},&quot;_id&quot;:&quot;4669e14&quot;,&quot;jet_parallax_layout_speed&quot;:{&quot;unit&quot;:&quot;%&quot;,&quot;size&quot;:&quot;50&quot;,&quot;sizes&quot;:[]},&quot;jet_parallax_layout_bg_x&quot;:&quot;50&quot;,&quot;jet_parallax_layout_bg_y&quot;:&quot;50&quot;,&quot;jet_parallax_layout_image_tablet&quot;:{&quot;url&quot;:&quot;&quot;,&quot;id&quot;:&quot;&quot;,&quot;size&quot;:&quot;&quot;},&quot;jet_parallax_layout_image_mobile&quot;:{&quot;url&quot;:&quot;&quot;,&quot;id&quot;:&quot;&quot;,&quot;size&quot;:&quot;&quot;},&quot;jet_parallax_layout_type&quot;:&quot;scroll&quot;,&quot;jet_parallax_layout_direction&quot;:null,&quot;jet_parallax_layout_fx_direction&quot;:null,&quot;jet_parallax_layout_z_index&quot;:&quot;&quot;,&quot;jet_parallax_layout_bg_x_tablet&quot;:&quot;&quot;,&quot;jet_parallax_layout_bg_x_mobile&quot;:&quot;&quot;,&quot;jet_parallax_layout_bg_y_tablet&quot;:&quot;&quot;,&quot;jet_parallax_layout_bg_y_mobile&quot;:&quot;&quot;,&quot;jet_parallax_layout_bg_size&quot;:&quot;auto&quot;,&quot;jet_parallax_layout_bg_size_tablet&quot;:&quot;&quot;,&quot;jet_parallax_layout_bg_size_mobile&quot;:&quot;&quot;,&quot;jet_parallax_layout_animation_prop&quot;:&quot;transform&quot;,&quot;jet_parallax_layout_on&quot;:[&quot;desktop&quot;,&quot;tablet&quot;]}]}\">\n\t\t\t\t\t\t<div class=\"elementor-container elementor-column-gap-default\">\n\t\t\t\t\t<div class=\"elementor-column elementor-col-100 elementor-top-column elementor-element elementor-element-b0dce80\" data-id=\"b0dce80\" data-element_type=\"column\">\n\t\t\t<div class=\"elementor-widget-wrap elementor-element-populated\">\n\t\t\t\t\t\t<div class=\"elementor-element elementor-element-b8d8ae4 elementor-widget__width-initial elementor-absolute elementor-widget elementor-widget-raven-image\" data-id=\"b8d8ae4\" data-element_type=\"widget\" data-settings=\"{&quot;_position&quot;:&quot;absolute&quot;}\" data-widget_type=\"raven-image.default\">\n\t\t\t\t<div class=\"elementor-widget-container\">\n\t\t\t\t\t<div class=\"raven-image\">\n\t\t\n\t\t\n\t\t<img fetchpriority=\"high\" decoding=\"async\" width=\"1920\" height=\"755\" src=\"https:\/\/micau.pt\/wp-content\/uploads\/2020\/05\/home-banner-style-1.png\" class=\"attachment-full size-full wp-image-2837\" alt=\"\" srcset=\"https:\/\/micau.pt\/wp-content\/uploads\/2020\/05\/home-banner-style-1.png 1920w, https:\/\/micau.pt\/wp-content\/uploads\/2020\/05\/home-banner-style-1-300x118.png 300w, https:\/\/micau.pt\/wp-content\/uploads\/2020\/05\/home-banner-style-1-1024x403.png 1024w, https:\/\/micau.pt\/wp-content\/uploads\/2020\/05\/home-banner-style-1-768x302.png 768w, https:\/\/micau.pt\/wp-content\/uploads\/2020\/05\/home-banner-style-1-1536x604.png 1536w\" sizes=\"(max-width: 1920px) 100vw, 1920px\" \/>\t\t<\/div>\n\t\t\t\t<\/div>\n\t\t\t\t<\/div>\n\t\t\t\t\t<\/div>\n\t\t<\/div>\n\t\t\t\t\t<\/div>\n\t\t<\/section>\n\t\t\t\t<section class=\"elementor-section elementor-top-section elementor-element elementor-element-95937a3 elementor-section-full_width elementor-section-height-default elementor-section-height-default\" data-id=\"95937a3\" data-element_type=\"section\" data-settings=\"{&quot;jet_parallax_layout_list&quot;:[{&quot;jet_parallax_layout_image&quot;:{&quot;url&quot;:&quot;&quot;,&quot;id&quot;:&quot;&quot;,&quot;size&quot;:&quot;&quot;},&quot;_id&quot;:&quot;1408760&quot;,&quot;jet_parallax_layout_speed&quot;:{&quot;unit&quot;:&quot;%&quot;,&quot;size&quot;:&quot;50&quot;,&quot;sizes&quot;:[]},&quot;jet_parallax_layout_bg_x&quot;:&quot;50&quot;,&quot;jet_parallax_layout_bg_y&quot;:&quot;50&quot;,&quot;jet_parallax_layout_image_tablet&quot;:{&quot;url&quot;:&quot;&quot;,&quot;id&quot;:&quot;&quot;,&quot;size&quot;:&quot;&quot;},&quot;jet_parallax_layout_image_mobile&quot;:{&quot;url&quot;:&quot;&quot;,&quot;id&quot;:&quot;&quot;,&quot;size&quot;:&quot;&quot;},&quot;jet_parallax_layout_type&quot;:&quot;scroll&quot;,&quot;jet_parallax_layout_direction&quot;:null,&quot;jet_parallax_layout_fx_direction&quot;:null,&quot;jet_parallax_layout_z_index&quot;:&quot;&quot;,&quot;jet_parallax_layout_bg_x_tablet&quot;:&quot;&quot;,&quot;jet_parallax_layout_bg_x_mobile&quot;:&quot;&quot;,&quot;jet_parallax_layout_bg_y_tablet&quot;:&quot;&quot;,&quot;jet_parallax_layout_bg_y_mobile&quot;:&quot;&quot;,&quot;jet_parallax_layout_bg_size&quot;:&quot;auto&quot;,&quot;jet_parallax_layout_bg_size_tablet&quot;:&quot;&quot;,&quot;jet_parallax_layout_bg_size_mobile&quot;:&quot;&quot;,&quot;jet_parallax_layout_animation_prop&quot;:&quot;transform&quot;,&quot;jet_parallax_layout_on&quot;:[&quot;desktop&quot;,&quot;tablet&quot;]}]}\">\n\t\t\t\t\t\t<div class=\"elementor-container elementor-column-gap-default\">\n\t\t\t\t\t<div class=\"elementor-column elementor-col-100 elementor-top-column elementor-element elementor-element-3f4f256\" data-id=\"3f4f256\" data-element_type=\"column\">\n\t\t\t<div class=\"elementor-widget-wrap elementor-element-populated\">\n\t\t\t\t\t\t<div class=\"elementor-element elementor-element-e601efc elementor-align-center elementor-mobile-align-center elementor-tablet-align-center elementor-widget elementor-widget-raven-heading\" data-id=\"e601efc\" data-element_type=\"widget\" data-widget_type=\"raven-heading.default\">\n\t\t\t\t<div class=\"elementor-widget-container\">\n\t\t\t\t\t<div class=\"raven-widget-wrapper\"><h1 class=\"raven-heading raven-heading-h1\"><span class=\"raven-heading-title \"><span class=\"raven-heading-title-inner elementor-inline-editing \" data-text=\"Pol\u00edtica de Privacidad\" data-elementor-setting-key=\"title\">Pol\u00edtica de Privacidad<\/span><\/span><\/h1><\/div>\n\t\t\t\t<\/div>\n\t\t\t\t<\/div>\n\t\t\t\t\t<\/div>\n\t\t<\/div>\n\t\t\t\t\t<\/div>\n\t\t<\/section>\n\t\t\t\t<section class=\"elementor-section elementor-top-section elementor-element elementor-element-85e9453 elementor-section-boxed elementor-section-height-default elementor-section-height-default\" data-id=\"85e9453\" data-element_type=\"section\" data-settings=\"{&quot;jet_parallax_layout_list&quot;:[]}\">\n\t\t\t\t\t\t<div class=\"elementor-container elementor-column-gap-default\">\n\t\t\t\t\t<div class=\"elementor-column elementor-col-100 elementor-top-column elementor-element elementor-element-7638a3a\" data-id=\"7638a3a\" data-element_type=\"column\">\n\t\t\t<div class=\"elementor-widget-wrap elementor-element-populated\">\n\t\t\t\t\t\t<div class=\"elementor-element elementor-element-c35125f elementor-widget elementor-widget-text-editor\" data-id=\"c35125f\" data-element_type=\"widget\" data-widget_type=\"text-editor.default\">\n\t\t\t\t<div class=\"elementor-widget-container\">\n\t\t\t\t\t\t\t<p><span style=\"color: #000000; font-family: 'Alegreya Sans', sans-serif; white-space-collapse: preserve;\">E<b>l<\/b><\/span><span style=\"color: #000000; font-family: 'Alegreya Sans', sans-serif; font-weight: bold; white-space-collapse: preserve;\"> compromiso de Micau, S.A. con la protecci\u00f3n de la privacidad <\/span><\/p>\n<p><br style=\"color: #000000; white-space-collapse: preserve; font-family: 'Alegreya Sans', sans-serif;\"><span style=\"color: #000000; white-space-collapse: preserve; font-family: 'Alegreya Sans', sans-serif;\"> Esta Pol\u00edtica sirve para reflejar la preocupaci\u00f3n de Micau, S.A. por proteger y garantizar a nuestros clientes el correcto uso de los datos personales facilitados, actuando de conformidad con las leyes y normativas aplicables, en concreto el Reglamento (UE) 2016\/679 &#8211; Reglamento General de Protecci\u00f3n de Datos. . <\/span><br style=\"color: #000000; white-space-collapse: preserve; font-family: 'Alegreya Sans', sans-serif;\"><br style=\"color: #000000; white-space-collapse: preserve; font-family: 'Alegreya Sans', sans-serif;\"><br style=\"color: #000000; white-space-collapse: preserve; font-family: 'Alegreya Sans', sans-serif;\"><span style=\"color: #000000; white-space-collapse: preserve; font-weight: bold; font-family: 'Alegreya Sans', sans-serif;\">\u00bfCu\u00e1l es el concepto de datos personales?<\/span><br style=\"color: #000000; white-space-collapse: preserve; font-family: 'Alegreya Sans', sans-serif;\"><br style=\"color: #000000; white-space-collapse: preserve; font-family: 'Alegreya Sans', sans-serif;\"><span style=\"color: #000000; white-space-collapse: preserve; font-family: 'Alegreya Sans', sans-serif;\"> Cualquier informaci\u00f3n de cualquier naturaleza y cualquiera que sea su soporte, incluidos sonido e imagen, relativa a una persona f\u00edsica identificada o identificable; Una persona identificable es aquella que puede ser identificada, directa o indirectamente, en particular por referencia a un n\u00famero de identificaci\u00f3n o a uno o m\u00e1s factores espec\u00edficos de su identidad f\u00edsica, fisiol\u00f3gica, mental, econ\u00f3mica, cultural o social. <\/span><br style=\"color: #000000; white-space-collapse: preserve; font-family: 'Alegreya Sans', sans-serif;\"><br style=\"color: #000000; white-space-collapse: preserve; font-family: 'Alegreya Sans', sans-serif;\"><br style=\"color: #000000; white-space-collapse: preserve; font-family: 'Alegreya Sans', sans-serif;\"><span style=\"color: #000000; white-space-collapse: preserve; font-weight: bold; font-family: 'Alegreya Sans', sans-serif;\">\u00bfQu\u00e9 es el tratamiento de datos personales?<\/span><br style=\"color: #000000; white-space-collapse: preserve; font-family: 'Alegreya Sans', sans-serif;\"><br style=\"color: #000000; white-space-collapse: preserve; font-family: 'Alegreya Sans', sans-serif;\"><span style=\"color: #000000; white-space-collapse: preserve; font-family: 'Alegreya Sans', sans-serif;\"> Cualquier operaci\u00f3n o conjunto de operaciones que se realice sobre datos personales, ya sea por medios autom\u00e1ticos o no, tales como recopilaci\u00f3n, registro, organizaci\u00f3n, almacenamiento, adaptaci\u00f3n o alteraci\u00f3n, recuperaci\u00f3n, consulta, uso, divulgaci\u00f3n por transmisi\u00f3n, difusi\u00f3n o puesta a disposici\u00f3n de otro modo, alineaci\u00f3n o combinaci\u00f3n, bloqueo, borrado o destrucci\u00f3n. <\/span><br style=\"color: #000000; white-space-collapse: preserve; font-family: 'Alegreya Sans', sans-serif;\"><br style=\"color: #000000; white-space-collapse: preserve; font-family: 'Alegreya Sans', sans-serif;\"><br style=\"color: #000000; white-space-collapse: preserve; font-family: 'Alegreya Sans', sans-serif;\"><span style=\"color: #000000; white-space-collapse: preserve; font-weight: bold; font-family: 'Alegreya Sans', sans-serif;\">\u00bfQu\u00e9 datos recopilamos y procesamos?<\/span><br style=\"color: #000000; white-space-collapse: preserve; font-family: 'Alegreya Sans', sans-serif;\"><br style=\"color: #000000; white-space-collapse: preserve; font-family: 'Alegreya Sans', sans-serif;\"><span style=\"color: #000000; white-space-collapse: preserve; font-family: 'Alegreya Sans', sans-serif;\"> La informaci\u00f3n recopilada por Micau incluye datos personales como nombre, tel\u00e9fono de contacto, direcci\u00f3n de correo electr\u00f3nicowpml_nbsp, proporcionados por los usuarios del sitio web.&nbsp; <\/span><br style=\"color: #000000; white-space-collapse: preserve; font-family: 'Alegreya Sans', sans-serif;\"><br style=\"color: #000000; white-space-collapse: preserve; font-family: 'Alegreya Sans', sans-serif;\"><br style=\"color: #000000; white-space-collapse: preserve; font-family: 'Alegreya Sans', sans-serif;\"><span style=\"color: #000000; white-space-collapse: preserve; font-weight: bold; font-family: 'Alegreya Sans', sans-serif;\">\u00bfCu\u00e1ndo y c\u00f3mo recopilamos datos personales?<\/span><br style=\"color: #000000; white-space-collapse: preserve; font-family: 'Alegreya Sans', sans-serif;\"><br style=\"color: #000000; white-space-collapse: preserve; font-family: 'Alegreya Sans', sans-serif;\"><span style=\"color: #000000; white-space-collapse: preserve; font-family: 'Alegreya Sans', sans-serif;\"> Esta Pol\u00edtica de Privacidad se aplica a la recopilaci\u00f3n y procesamiento de datos personales proporcionados por los usuarios a trav\u00e9s de correo electr\u00f3nico owpml_nbsp al enviar formularios de contacto o cuestionarios a trav\u00e9s de nuestro sitio web.&nbsp; <\/span><br style=\"color: #000000; white-space-collapse: preserve; font-family: 'Alegreya Sans', sans-serif;\"><br style=\"color: #000000; white-space-collapse: preserve; font-family: 'Alegreya Sans', sans-serif;\"><br style=\"color: #000000; white-space-collapse: preserve; font-family: 'Alegreya Sans', sans-serif;\"><span style=\"color: #000000; white-space-collapse: preserve; font-weight: bold; font-family: 'Alegreya Sans', sans-serif;\"> \u00bfCu\u00e1nto tiempo conservamos tus datos personales y cu\u00e1l es la finalidad del tratamiento?<\/span><br style=\"color: #000000; white-space-collapse: preserve; font-family: 'Alegreya Sans', sans-serif;\"><br style=\"color: #000000; white-space-collapse: preserve; font-family: 'Alegreya Sans', sans-serif;\"><span style=\"color: #000000; white-space-collapse: preserve; font-family: 'Alegreya Sans', sans-serif;\"> Los datos ser\u00e1n conservados y conservados \u00fanicamente durante el plazo m\u00ednimo necesario para cumplir con las finalidades para las que fueron recogidos (gesti\u00f3n de contactos, informaci\u00f3n, solicitudes, quejas, sugerencias). <\/span><br style=\"color: #000000; white-space-collapse: preserve; font-family: 'Alegreya Sans', sans-serif;\"><br style=\"color: #000000; white-space-collapse: preserve; font-family: 'Alegreya Sans', sans-serif;\"><br style=\"color: #000000; white-space-collapse: preserve; font-family: 'Alegreya Sans', sans-serif;\"><span style=\"color: #000000; white-space-collapse: preserve; font-weight: bold; font-family: 'Alegreya Sans', sans-serif;\">Modificaci\u00f3n de la Pol\u00edtica de Privacidad<br><\/span><br style=\"color: #000000; white-space-collapse: preserve; font-family: 'Alegreya Sans', sans-serif;\"><span style=\"color: #000000; white-space-collapse: preserve; font-family: 'Alegreya Sans', sans-serif;\"> Esta Pol\u00edtica de Privacidad, que usted debe leer atentamente, podr\u00e1 ser modificada, considerando que las modificaciones surten efectos a partir de la fecha de su publicaci\u00f3n en este sitio, con expresa referencia a la fecha de actualizaci\u00f3n. <\/span><br style=\"color: #000000; white-space-collapse: preserve; font-family: 'Alegreya Sans', sans-serif;\"><br style=\"color: #000000; white-space-collapse: preserve; font-family: 'Alegreya Sans', sans-serif;\"><br style=\"color: #000000; white-space-collapse: preserve; font-family: 'Alegreya Sans', sans-serif;\"><br style=\"color: #000000; white-space-collapse: preserve; font-family: 'Alegreya Sans', sans-serif;\"><span style=\"color: #000000; white-space-collapse: preserve; font-family: 'Alegreya Sans', sans-serif;\">Odivelas, mayo de 2023 <\/span><\/p>\t\t\t\t\t\t<\/div>\n\t\t\t\t<\/div>\n\t\t\t\t\t<\/div>\n\t\t<\/div>\n\t\t\t\t\t<\/div>\n\t\t<\/section>\n\t\t\t\t<\/div>\n\t\t","protected":false},"excerpt":{"rendered":"<p>Pol\u00edtica de Privacidad El compromiso de Micau, S.A. con la protecci\u00f3n de la privacidad Esta Pol\u00edtica sirve para reflejar la preocupaci\u00f3n de Micau, S.A. por proteger y garantizar a nuestros clientes el correcto uso de los datos personales facilitados, actuando de conformidad con las leyes y normativas aplicables, en concreto el Reglamento (UE) 2016\/679 &#8211; [&hellip;]<\/p>\n","protected":false},"author":4,"featured_media":0,"parent":0,"menu_order":0,"comment_status":"closed","ping_status":"closed","template":"elementor_header_footer","meta":{"_acf_changed":false,"_monsterinsights_skip_tracking":false,"_monsterinsights_sitenote_active":false,"_monsterinsights_sitenote_note":"","_monsterinsights_sitenote_category":0,"footnotes":""},"class_list":["post-10317","page","type-page","status-publish","hentry"],"acf":[],"yoast_head":"<!-- This site is optimized with the Yoast SEO plugin v20.13 - https:\/\/yoast.com\/wordpress\/plugins\/seo\/ -->\n<title>Pol\u00edtica de Privacidad - Micau<\/title>\n<meta name=\"robots\" content=\"index, follow, max-snippet:-1, max-image-preview:large, max-video-preview:-1\" \/>\n<link rel=\"canonical\" href=\"https:\/\/micau.pt\/es\/politica-de-privacidad\/\" \/>\n<meta property=\"og:locale\" content=\"es_ES\" \/>\n<meta property=\"og:type\" content=\"article\" \/>\n<meta property=\"og:title\" content=\"Pol\u00edtica de Privacidad - Micau\" \/>\n<meta property=\"og:description\" content=\"Pol\u00edtica de Privacidad El compromiso de Micau, S.A. con la protecci\u00f3n de la privacidad Esta Pol\u00edtica sirve para reflejar la preocupaci\u00f3n de Micau, S.A. por proteger y garantizar a nuestros clientes el correcto uso de los datos personales facilitados, actuando de conformidad con las leyes y normativas aplicables, en concreto el Reglamento (UE) 2016\/679 &#8211; [&hellip;]\" \/>\n<meta property=\"og:url\" content=\"https:\/\/micau.pt\/es\/politica-de-privacidad\/\" \/>\n<meta property=\"og:site_name\" content=\"Micau\" \/>\n<meta property=\"article:publisher\" content=\"https:\/\/www.facebook.com\/people\/Micau\/100063608599130\/\" \/>\n<meta property=\"article:modified_time\" content=\"2023-08-28T18:51:32+00:00\" \/>\n<meta property=\"og:image\" content=\"https:\/\/micau.pt\/wp-content\/uploads\/2020\/05\/home-banner-style-1.png\" \/>\n<meta name=\"twitter:card\" content=\"summary_large_image\" \/>\n<meta name=\"twitter:label1\" content=\"Tiempo de lectura\" \/>\n\t<meta name=\"twitter:data1\" content=\"2 minutos\" \/>\n<script type=\"application\/ld+json\" class=\"yoast-schema-graph\">{\"@context\":\"https:\/\/schema.org\",\"@graph\":[{\"@type\":\"WebPage\",\"@id\":\"https:\/\/micau.pt\/es\/politica-de-privacidad\/\",\"url\":\"https:\/\/micau.pt\/es\/politica-de-privacidad\/\",\"name\":\"Pol\u00edtica de Privacidad - Micau\",\"isPartOf\":{\"@id\":\"https:\/\/micau.pt\/es\/#website\"},\"datePublished\":\"2023-08-28T17:53:14+00:00\",\"dateModified\":\"2023-08-28T18:51:32+00:00\",\"breadcrumb\":{\"@id\":\"https:\/\/micau.pt\/es\/politica-de-privacidad\/#breadcrumb\"},\"inLanguage\":\"es\",\"potentialAction\":[{\"@type\":\"ReadAction\",\"target\":[\"https:\/\/micau.pt\/es\/politica-de-privacidad\/\"]}]},{\"@type\":\"BreadcrumbList\",\"@id\":\"https:\/\/micau.pt\/es\/politica-de-privacidad\/#breadcrumb\",\"itemListElement\":[{\"@type\":\"ListItem\",\"position\":1,\"name\":\"Home\",\"item\":\"https:\/\/micau.pt\/es\/\"},{\"@type\":\"ListItem\",\"position\":2,\"name\":\"Pol\u00edtica de Privacidad\"}]},{\"@type\":\"WebSite\",\"@id\":\"https:\/\/micau.pt\/es\/#website\",\"url\":\"https:\/\/micau.pt\/es\/\",\"name\":\"Micau\",\"description\":\"Somos uma empresa que, desde a sua funda\u00e7\u00e3o, em 1966, se dedica essencialmente ao fabrico de caramelo l\u00edquido e pr\u00e9-misturas para sobremesas.\",\"publisher\":{\"@id\":\"https:\/\/micau.pt\/es\/#organization\"},\"potentialAction\":[{\"@type\":\"SearchAction\",\"target\":{\"@type\":\"EntryPoint\",\"urlTemplate\":\"https:\/\/micau.pt\/es\/?s={search_term_string}\"},\"query-input\":\"required name=search_term_string\"}],\"inLanguage\":\"es\"},{\"@type\":\"Organization\",\"@id\":\"https:\/\/micau.pt\/es\/#organization\",\"name\":\"Micau\",\"url\":\"https:\/\/micau.pt\/es\/\",\"logo\":{\"@type\":\"ImageObject\",\"inLanguage\":\"es\",\"@id\":\"https:\/\/micau.pt\/es\/#\/schema\/logo\/image\/\",\"url\":\"https:\/\/micau.pt\/wp-content\/uploads\/2020\/04\/cropped-MicauFavicon-1.png\",\"contentUrl\":\"https:\/\/micau.pt\/wp-content\/uploads\/2020\/04\/cropped-MicauFavicon-1.png\",\"width\":512,\"height\":512,\"caption\":\"Micau\"},\"image\":{\"@id\":\"https:\/\/micau.pt\/es\/#\/schema\/logo\/image\/\"},\"sameAs\":[\"https:\/\/www.facebook.com\/people\/Micau\/100063608599130\/\"]}]}<\/script>\n<!-- \/ Yoast SEO plugin. -->","yoast_head_json":{"title":"Pol\u00edtica de Privacidad - Micau","robots":{"index":"index","follow":"follow","max-snippet":"max-snippet:-1","max-image-preview":"max-image-preview:large","max-video-preview":"max-video-preview:-1"},"canonical":"https:\/\/micau.pt\/es\/politica-de-privacidad\/","og_locale":"es_ES","og_type":"article","og_title":"Pol\u00edtica de Privacidad - Micau","og_description":"Pol\u00edtica de Privacidad El compromiso de Micau, S.A. con la protecci\u00f3n de la privacidad Esta Pol\u00edtica sirve para reflejar la preocupaci\u00f3n de Micau, S.A. por proteger y garantizar a nuestros clientes el correcto uso de los datos personales facilitados, actuando de conformidad con las leyes y normativas aplicables, en concreto el Reglamento (UE) 2016\/679 &#8211; [&hellip;]","og_url":"https:\/\/micau.pt\/es\/politica-de-privacidad\/","og_site_name":"Micau","article_publisher":"https:\/\/www.facebook.com\/people\/Micau\/100063608599130\/","article_modified_time":"2023-08-28T18:51:32+00:00","og_image":[{"url":"https:\/\/micau.pt\/wp-content\/uploads\/2020\/05\/home-banner-style-1.png"}],"twitter_card":"summary_large_image","twitter_misc":{"Tiempo de lectura":"2 minutos"},"schema":{"@context":"https:\/\/schema.org","@graph":[{"@type":"WebPage","@id":"https:\/\/micau.pt\/es\/politica-de-privacidad\/","url":"https:\/\/micau.pt\/es\/politica-de-privacidad\/","name":"Pol\u00edtica de Privacidad - Micau","isPartOf":{"@id":"https:\/\/micau.pt\/es\/#website"},"datePublished":"2023-08-28T17:53:14+00:00","dateModified":"2023-08-28T18:51:32+00:00","breadcrumb":{"@id":"https:\/\/micau.pt\/es\/politica-de-privacidad\/#breadcrumb"},"inLanguage":"es","potentialAction":[{"@type":"ReadAction","target":["https:\/\/micau.pt\/es\/politica-de-privacidad\/"]}]},{"@type":"BreadcrumbList","@id":"https:\/\/micau.pt\/es\/politica-de-privacidad\/#breadcrumb","itemListElement":[{"@type":"ListItem","position":1,"name":"Home","item":"https:\/\/micau.pt\/es\/"},{"@type":"ListItem","position":2,"name":"Pol\u00edtica de Privacidad"}]},{"@type":"WebSite","@id":"https:\/\/micau.pt\/es\/#website","url":"https:\/\/micau.pt\/es\/","name":"Micau","description":"Somos uma empresa que, desde a sua funda\u00e7\u00e3o, em 1966, se dedica essencialmente ao fabrico de caramelo l\u00edquido e pr\u00e9-misturas para sobremesas.","publisher":{"@id":"https:\/\/micau.pt\/es\/#organization"},"potentialAction":[{"@type":"SearchAction","target":{"@type":"EntryPoint","urlTemplate":"https:\/\/micau.pt\/es\/?s={search_term_string}"},"query-input":"required name=search_term_string"}],"inLanguage":"es"},{"@type":"Organization","@id":"https:\/\/micau.pt\/es\/#organization","name":"Micau","url":"https:\/\/micau.pt\/es\/","logo":{"@type":"ImageObject","inLanguage":"es","@id":"https:\/\/micau.pt\/es\/#\/schema\/logo\/image\/","url":"https:\/\/micau.pt\/wp-content\/uploads\/2020\/04\/cropped-MicauFavicon-1.png","contentUrl":"https:\/\/micau.pt\/wp-content\/uploads\/2020\/04\/cropped-MicauFavicon-1.png","width":512,"height":512,"caption":"Micau"},"image":{"@id":"https:\/\/micau.pt\/es\/#\/schema\/logo\/image\/"},"sameAs":["https:\/\/www.facebook.com\/people\/Micau\/100063608599130\/"]}]}},"_links":{"self":[{"href":"https:\/\/micau.pt\/es\/wp-json\/wp\/v2\/pages\/10317","targetHints":{"allow":["GET"]}}],"collection":[{"href":"https:\/\/micau.pt\/es\/wp-json\/wp\/v2\/pages"}],"about":[{"href":"https:\/\/micau.pt\/es\/wp-json\/wp\/v2\/types\/page"}],"author":[{"embeddable":true,"href":"https:\/\/micau.pt\/es\/wp-json\/wp\/v2\/users\/4"}],"replies":[{"embeddable":true,"href":"https:\/\/micau.pt\/es\/wp-json\/wp\/v2\/comments?post=10317"}],"version-history":[{"count":13,"href":"https:\/\/micau.pt\/es\/wp-json\/wp\/v2\/pages\/10317\/revisions"}],"predecessor-version":[{"id":10382,"href":"https:\/\/micau.pt\/es\/wp-json\/wp\/v2\/pages\/10317\/revisions\/10382"}],"wp:attachment":[{"href":"https:\/\/micau.pt\/es\/wp-json\/wp\/v2\/media?parent=10317"}],"curies":[{"name":"wp","href":"https:\/\/api.w.org\/{rel}","templated":true}]}}