{"id":10311,"date":"2023-08-28T17:47:06","date_gmt":"2023-08-28T17:47:06","guid":{"rendered":"https:\/\/micau.pt\/politique-de-confidentialite\/"},"modified":"2023-08-28T18:41:05","modified_gmt":"2023-08-28T18:41:05","slug":"politique-de-confidentialite","status":"publish","type":"page","link":"https:\/\/micau.pt\/fr\/politique-de-confidentialite\/","title":{"rendered":"Politique de Confidentialit\u00e9"},"content":{"rendered":"\t\t<div data-elementor-type=\"wp-page\" data-elementor-id=\"10311\" class=\"elementor elementor-10311 elementor-10302\" data-elementor-post-type=\"page\">\n\t\t\t\t\t\t<section class=\"elementor-section elementor-top-section elementor-element elementor-element-2867522 elementor-section-full_width elementor-section-height-min-height elementor-section-height-default elementor-section-items-middle\" data-id=\"2867522\" data-element_type=\"section\" data-settings=\"{&quot;jet_parallax_layout_list&quot;:[{&quot;jet_parallax_layout_image&quot;:{&quot;url&quot;:&quot;&quot;,&quot;id&quot;:&quot;&quot;,&quot;size&quot;:&quot;&quot;},&quot;_id&quot;:&quot;4669e14&quot;,&quot;jet_parallax_layout_speed&quot;:{&quot;unit&quot;:&quot;%&quot;,&quot;size&quot;:&quot;50&quot;,&quot;sizes&quot;:[]},&quot;jet_parallax_layout_bg_x&quot;:&quot;50&quot;,&quot;jet_parallax_layout_bg_y&quot;:&quot;50&quot;,&quot;jet_parallax_layout_image_tablet&quot;:{&quot;url&quot;:&quot;&quot;,&quot;id&quot;:&quot;&quot;,&quot;size&quot;:&quot;&quot;},&quot;jet_parallax_layout_image_mobile&quot;:{&quot;url&quot;:&quot;&quot;,&quot;id&quot;:&quot;&quot;,&quot;size&quot;:&quot;&quot;},&quot;jet_parallax_layout_type&quot;:&quot;scroll&quot;,&quot;jet_parallax_layout_direction&quot;:null,&quot;jet_parallax_layout_fx_direction&quot;:null,&quot;jet_parallax_layout_z_index&quot;:&quot;&quot;,&quot;jet_parallax_layout_bg_x_tablet&quot;:&quot;&quot;,&quot;jet_parallax_layout_bg_x_mobile&quot;:&quot;&quot;,&quot;jet_parallax_layout_bg_y_tablet&quot;:&quot;&quot;,&quot;jet_parallax_layout_bg_y_mobile&quot;:&quot;&quot;,&quot;jet_parallax_layout_bg_size&quot;:&quot;auto&quot;,&quot;jet_parallax_layout_bg_size_tablet&quot;:&quot;&quot;,&quot;jet_parallax_layout_bg_size_mobile&quot;:&quot;&quot;,&quot;jet_parallax_layout_animation_prop&quot;:&quot;transform&quot;,&quot;jet_parallax_layout_on&quot;:[&quot;desktop&quot;,&quot;tablet&quot;]}]}\">\n\t\t\t\t\t\t<div class=\"elementor-container elementor-column-gap-default\">\n\t\t\t\t\t<div class=\"elementor-column elementor-col-100 elementor-top-column elementor-element elementor-element-b0dce80\" data-id=\"b0dce80\" data-element_type=\"column\">\n\t\t\t<div class=\"elementor-widget-wrap elementor-element-populated\">\n\t\t\t\t\t\t<div class=\"elementor-element elementor-element-b8d8ae4 elementor-widget__width-initial elementor-absolute elementor-widget elementor-widget-raven-image\" data-id=\"b8d8ae4\" data-element_type=\"widget\" data-settings=\"{&quot;_position&quot;:&quot;absolute&quot;}\" data-widget_type=\"raven-image.default\">\n\t\t\t\t<div class=\"elementor-widget-container\">\n\t\t\t\t\t<div class=\"raven-image\">\n\t\t\n\t\t\n\t\t<img fetchpriority=\"high\" decoding=\"async\" width=\"1920\" height=\"755\" src=\"https:\/\/micau.pt\/wp-content\/uploads\/2020\/05\/home-banner-style-1.png\" class=\"attachment-full size-full wp-image-2971\" alt=\"\" srcset=\"https:\/\/micau.pt\/wp-content\/uploads\/2020\/05\/home-banner-style-1.png 1920w, https:\/\/micau.pt\/wp-content\/uploads\/2020\/05\/home-banner-style-1-300x118.png 300w, https:\/\/micau.pt\/wp-content\/uploads\/2020\/05\/home-banner-style-1-1024x403.png 1024w, https:\/\/micau.pt\/wp-content\/uploads\/2020\/05\/home-banner-style-1-768x302.png 768w, https:\/\/micau.pt\/wp-content\/uploads\/2020\/05\/home-banner-style-1-1536x604.png 1536w\" sizes=\"(max-width: 1920px) 100vw, 1920px\" \/>\t\t<\/div>\n\t\t\t\t<\/div>\n\t\t\t\t<\/div>\n\t\t\t\t\t<\/div>\n\t\t<\/div>\n\t\t\t\t\t<\/div>\n\t\t<\/section>\n\t\t\t\t<section class=\"elementor-section elementor-top-section elementor-element elementor-element-95937a3 elementor-section-full_width elementor-section-height-default elementor-section-height-default\" data-id=\"95937a3\" data-element_type=\"section\" data-settings=\"{&quot;jet_parallax_layout_list&quot;:[{&quot;jet_parallax_layout_image&quot;:{&quot;url&quot;:&quot;&quot;,&quot;id&quot;:&quot;&quot;,&quot;size&quot;:&quot;&quot;},&quot;_id&quot;:&quot;1408760&quot;,&quot;jet_parallax_layout_speed&quot;:{&quot;unit&quot;:&quot;%&quot;,&quot;size&quot;:&quot;50&quot;,&quot;sizes&quot;:[]},&quot;jet_parallax_layout_bg_x&quot;:&quot;50&quot;,&quot;jet_parallax_layout_bg_y&quot;:&quot;50&quot;,&quot;jet_parallax_layout_image_tablet&quot;:{&quot;url&quot;:&quot;&quot;,&quot;id&quot;:&quot;&quot;,&quot;size&quot;:&quot;&quot;},&quot;jet_parallax_layout_image_mobile&quot;:{&quot;url&quot;:&quot;&quot;,&quot;id&quot;:&quot;&quot;,&quot;size&quot;:&quot;&quot;},&quot;jet_parallax_layout_type&quot;:&quot;scroll&quot;,&quot;jet_parallax_layout_direction&quot;:null,&quot;jet_parallax_layout_fx_direction&quot;:null,&quot;jet_parallax_layout_z_index&quot;:&quot;&quot;,&quot;jet_parallax_layout_bg_x_tablet&quot;:&quot;&quot;,&quot;jet_parallax_layout_bg_x_mobile&quot;:&quot;&quot;,&quot;jet_parallax_layout_bg_y_tablet&quot;:&quot;&quot;,&quot;jet_parallax_layout_bg_y_mobile&quot;:&quot;&quot;,&quot;jet_parallax_layout_bg_size&quot;:&quot;auto&quot;,&quot;jet_parallax_layout_bg_size_tablet&quot;:&quot;&quot;,&quot;jet_parallax_layout_bg_size_mobile&quot;:&quot;&quot;,&quot;jet_parallax_layout_animation_prop&quot;:&quot;transform&quot;,&quot;jet_parallax_layout_on&quot;:[&quot;desktop&quot;,&quot;tablet&quot;]}]}\">\n\t\t\t\t\t\t<div class=\"elementor-container elementor-column-gap-default\">\n\t\t\t\t\t<div class=\"elementor-column elementor-col-100 elementor-top-column elementor-element elementor-element-3f4f256\" data-id=\"3f4f256\" data-element_type=\"column\">\n\t\t\t<div class=\"elementor-widget-wrap elementor-element-populated\">\n\t\t\t\t\t\t<div class=\"elementor-element elementor-element-e601efc elementor-align-center elementor-mobile-align-center elementor-tablet-align-center elementor-widget elementor-widget-raven-heading\" data-id=\"e601efc\" data-element_type=\"widget\" data-widget_type=\"raven-heading.default\">\n\t\t\t\t<div class=\"elementor-widget-container\">\n\t\t\t\t\t<div class=\"raven-widget-wrapper\"><h1 class=\"raven-heading raven-heading-h1\"><span class=\"raven-heading-title \"><span class=\"raven-heading-title-inner elementor-inline-editing \" data-text=\"Politique de Confidentialit\u00e9\" data-elementor-setting-key=\"title\">Politique de Confidentialit\u00e9<\/span><\/span><\/h1><\/div>\n\t\t\t\t<\/div>\n\t\t\t\t<\/div>\n\t\t\t\t\t<\/div>\n\t\t<\/div>\n\t\t\t\t\t<\/div>\n\t\t<\/section>\n\t\t\t\t<section class=\"elementor-section elementor-top-section elementor-element elementor-element-420d520 elementor-section-boxed elementor-section-height-default elementor-section-height-default\" data-id=\"420d520\" data-element_type=\"section\" data-settings=\"{&quot;jet_parallax_layout_list&quot;:[]}\">\n\t\t\t\t\t\t<div class=\"elementor-container elementor-column-gap-default\">\n\t\t\t\t\t<div class=\"elementor-column elementor-col-100 elementor-top-column elementor-element elementor-element-a539856\" data-id=\"a539856\" data-element_type=\"column\">\n\t\t\t<div class=\"elementor-widget-wrap elementor-element-populated\">\n\t\t\t\t\t\t<div class=\"elementor-element elementor-element-79a9aaa elementor-widget elementor-widget-text-editor\" data-id=\"79a9aaa\" data-element_type=\"widget\" data-widget_type=\"text-editor.default\">\n\t\t\t\t<div class=\"elementor-widget-container\">\n\t\t\t\t\t\t\t<p><span style=\"font-weight: bold; color: #000000; font-family: 'Aref Ruqaa', sans-serif; font-size: 14px; white-space-collapse: preserve;\">L&rsquo;engagement de Micau, S.A. en faveur de la protection de la vie priv\u00e9e\u00a0<\/span><br style=\"color: #000000; font-family: 'Aref Ruqaa', sans-serif; font-size: 14px; white-space-collapse: preserve;\" \/><br style=\"color: #000000; font-family: 'Aref Ruqaa', sans-serif; font-size: 14px; white-space-collapse: preserve;\" \/><span style=\"color: #000000; font-family: 'Aref Ruqaa', sans-serif; font-size: 14px; white-space-collapse: preserve;\"> Cette Politique refl\u00e8te le souci de Micau, S.A. de prot\u00e9ger et d&rsquo;assurer \u00e0 nos clients l&rsquo;utilisation correcte des donn\u00e9es personnelles fournies, en agissant conform\u00e9ment aux lois et r\u00e9glementations applicables, \u00e0 savoir le R\u00e8glement (UE) 2016\/679 &#8211; R\u00e8glement G\u00e9n\u00e9ral sur la Protection des Donn\u00e9es. . <\/span><br style=\"color: #000000; font-family: 'Aref Ruqaa', sans-serif; font-size: 14px; white-space-collapse: preserve;\" \/><br style=\"color: #000000; font-family: 'Aref Ruqaa', sans-serif; font-size: 14px; white-space-collapse: preserve;\" \/><br style=\"color: #000000; font-family: 'Aref Ruqaa', sans-serif; font-size: 14px; white-space-collapse: preserve;\" \/><span style=\"font-weight: bold; color: #000000; font-family: 'Aref Ruqaa', sans-serif; font-size: 14px; white-space-collapse: preserve;\">Quelle est la notion de donn\u00e9es personnelles ?<\/span><br style=\"color: #000000; font-family: 'Aref Ruqaa', sans-serif; font-size: 14px; white-space-collapse: preserve;\" \/><br style=\"color: #000000; font-family: 'Aref Ruqaa', sans-serif; font-size: 14px; white-space-collapse: preserve;\" \/><span style=\"color: #000000; font-family: 'Aref Ruqaa', sans-serif; font-size: 14px; white-space-collapse: preserve;\"> Toute information de toute nature et quel que soit son support, notamment sonore et image, relative \u00e0 une personne physique identifi\u00e9e ou identifiable ; est consid\u00e9r\u00e9e comme identifiable une personne qui peut \u00eatre identifi\u00e9e, directement ou indirectement, notamment par r\u00e9f\u00e9rence \u00e0 un num\u00e9ro d&rsquo;identification ou \u00e0 un ou plusieurs \u00e9l\u00e9ments propres \u00e0 son identit\u00e9 physique, physiologique, psychique, \u00e9conomique, culturelle ou sociale. <\/span><br style=\"color: #000000; font-family: 'Aref Ruqaa', sans-serif; font-size: 14px; white-space-collapse: preserve;\" \/><br style=\"color: #000000; font-family: 'Aref Ruqaa', sans-serif; font-size: 14px; white-space-collapse: preserve;\" \/><br style=\"color: #000000; font-family: 'Aref Ruqaa', sans-serif; font-size: 14px; white-space-collapse: preserve;\" \/><span style=\"font-weight: bold; color: #000000; font-family: 'Aref Ruqaa', sans-serif; font-size: 14px; white-space-collapse: preserve;\">Qu&rsquo;est-ce que le traitement des donn\u00e9es personnelles ?<\/span><br style=\"color: #000000; font-family: 'Aref Ruqaa', sans-serif; font-size: 14px; white-space-collapse: preserve;\" \/><br style=\"color: #000000; font-family: 'Aref Ruqaa', sans-serif; font-size: 14px; white-space-collapse: preserve;\" \/><span style=\"color: #000000; font-family: 'Aref Ruqaa', sans-serif; font-size: 14px; white-space-collapse: preserve;\"> Toute op\u00e9ration ou ensemble d&rsquo;op\u00e9rations effectu\u00e9es sur des donn\u00e9es \u00e0 caract\u00e8re personnel, que ce soit par des moyens automatiques ou non, telles que la collecte, l&rsquo;enregistrement, l&rsquo;organisation, le stockage, l&rsquo;adaptation ou la modification, la r\u00e9cup\u00e9ration, la consultation, l&rsquo;utilisation, la communication par transmission, la diffusion ou toute autre forme de mise \u00e0 disposition, alignement ou combinaison, blocage, effacement ou destruction. <\/span><br style=\"color: #000000; font-family: 'Aref Ruqaa', sans-serif; font-size: 14px; white-space-collapse: preserve;\" \/><br style=\"color: #000000; font-family: 'Aref Ruqaa', sans-serif; font-size: 14px; white-space-collapse: preserve;\" \/><br style=\"color: #000000; font-family: 'Aref Ruqaa', sans-serif; font-size: 14px; white-space-collapse: preserve;\" \/><span style=\"font-weight: bold; color: #000000; font-family: 'Aref Ruqaa', sans-serif; font-size: 14px; white-space-collapse: preserve;\">Quelles donn\u00e9es collectons-nous et traitons-nous ?<\/span><br style=\"color: #000000; font-family: 'Aref Ruqaa', sans-serif; font-size: 14px; white-space-collapse: preserve;\" \/><br style=\"color: #000000; font-family: 'Aref Ruqaa', sans-serif; font-size: 14px; white-space-collapse: preserve;\" \/><span style=\"color: #000000; font-family: 'Aref Ruqaa', sans-serif; font-size: 14px; white-space-collapse: preserve;\"> Les informations collect\u00e9es par Micau comprennent des donn\u00e9es personnelles telles que le nom, le contact t\u00e9l\u00e9phonique, l&rsquo;adresse e-mail, fournies par les utilisateurs du site Internet.\u00a0 <\/span><br style=\"color: #000000; font-family: 'Aref Ruqaa', sans-serif; font-size: 14px; white-space-collapse: preserve;\" \/><br style=\"color: #000000; font-family: 'Aref Ruqaa', sans-serif; font-size: 14px; white-space-collapse: preserve;\" \/><br style=\"color: #000000; font-family: 'Aref Ruqaa', sans-serif; font-size: 14px; white-space-collapse: preserve;\" \/><span style=\"font-weight: bold; color: #000000; font-family: 'Aref Ruqaa', sans-serif; font-size: 14px; white-space-collapse: preserve;\">Quand et comment collectons-nous les donn\u00e9es personnelles ?<\/span><br style=\"color: #000000; font-family: 'Aref Ruqaa', sans-serif; font-size: 14px; white-space-collapse: preserve;\" \/><br style=\"color: #000000; font-family: 'Aref Ruqaa', sans-serif; font-size: 14px; white-space-collapse: preserve;\" \/><span style=\"color: #000000; font-family: 'Aref Ruqaa', sans-serif; font-size: 14px; white-space-collapse: preserve;\"> Cette politique de confidentialit\u00e9 s&rsquo;applique \u00e0 la collecte et au traitement des donn\u00e9es personnelles fournies par les utilisateurs par e-mail \u00a0 lors de la soumission de formulaires de contact ou de questionnaires via notre site Web. <\/span><br style=\"color: #000000; font-family: 'Aref Ruqaa', sans-serif; font-size: 14px; white-space-collapse: preserve;\" \/><br style=\"color: #000000; font-family: 'Aref Ruqaa', sans-serif; font-size: 14px; white-space-collapse: preserve;\" \/><br style=\"color: #000000; font-family: 'Aref Ruqaa', sans-serif; font-size: 14px; white-space-collapse: preserve;\" \/><span style=\"font-weight: bold; color: #000000; font-family: 'Aref Ruqaa', sans-serif; font-size: 14px; white-space-collapse: preserve;\"> Combien de temps conservons-nous vos donn\u00e9es personnelles et quelle est la finalit\u00e9 de leur traitement ?<\/span><br style=\"color: #000000; font-family: 'Aref Ruqaa', sans-serif; font-size: 14px; white-space-collapse: preserve;\" \/><br style=\"color: #000000; font-family: 'Aref Ruqaa', sans-serif; font-size: 14px; white-space-collapse: preserve;\" \/><span style=\"color: #000000; font-family: 'Aref Ruqaa', sans-serif; font-size: 14px; white-space-collapse: preserve;\"> Les donn\u00e9es seront stock\u00e9es et conserv\u00e9es uniquement pendant la dur\u00e9e minimale n\u00e9cessaire \u00e0 la r\u00e9alisation des finalit\u00e9s pour lesquelles elles ont \u00e9t\u00e9 collect\u00e9es (gestion des contacts, informations, demandes, r\u00e9clamations, suggestions). <\/span><br style=\"color: #000000; font-family: 'Aref Ruqaa', sans-serif; font-size: 14px; white-space-collapse: preserve;\" \/><br style=\"color: #000000; font-family: 'Aref Ruqaa', sans-serif; font-size: 14px; white-space-collapse: preserve;\" \/><br style=\"color: #000000; font-family: 'Aref Ruqaa', sans-serif; font-size: 14px; white-space-collapse: preserve;\" \/><span style=\"font-weight: bold; color: #000000; font-family: 'Aref Ruqaa', sans-serif; font-size: 14px; white-space-collapse: preserve;\">Modification de la politique de confidentialit\u00e9<br \/><\/span><br style=\"color: #000000; font-family: 'Aref Ruqaa', sans-serif; font-size: 14px; white-space-collapse: preserve;\" \/><span style=\"color: #000000; font-family: 'Aref Ruqaa', sans-serif; font-size: 14px; white-space-collapse: preserve;\"> Cette Politique de Confidentialit\u00e9, que vous devez lire attentivement, peut \u00eatre modifi\u00e9e, \u00e9tant donn\u00e9 que les modifications prennent effet \u00e0 compter de la date de leur publication sur ce site, avec r\u00e9f\u00e9rence expresse \u00e0 la date de mise \u00e0 jour. <\/span><br style=\"color: #000000; font-family: 'Aref Ruqaa', sans-serif; font-size: 14px; white-space-collapse: preserve;\" \/><br style=\"color: #000000; font-family: 'Aref Ruqaa', sans-serif; font-size: 14px; white-space-collapse: preserve;\" \/><br style=\"color: #000000; font-family: 'Aref Ruqaa', sans-serif; font-size: 14px; white-space-collapse: preserve;\" \/><br style=\"color: #000000; font-family: 'Aref Ruqaa', sans-serif; font-size: 14px; white-space-collapse: preserve;\" \/><span style=\"color: #000000; font-family: 'Aref Ruqaa', sans-serif; font-size: 14px; white-space-collapse: preserve;\">Odivelas, mai 2023<\/span><br style=\"color: #000000; font-family: 'Aref Ruqaa', sans-serif; font-size: 14px; white-space-collapse: preserve;\" \/><br style=\"color: #000000; font-family: 'Aref Ruqaa', sans-serif; font-size: 14px; white-space-collapse: preserve;\" \/><br style=\"color: #000000; font-family: 'Aref Ruqaa', sans-serif; font-size: 14px; white-space-collapse: preserve;\" \/><br \/><\/p>\t\t\t\t\t\t<\/div>\n\t\t\t\t<\/div>\n\t\t\t\t\t<\/div>\n\t\t<\/div>\n\t\t\t\t\t<\/div>\n\t\t<\/section>\n\t\t\t\t<\/div>\n\t\t","protected":false},"excerpt":{"rendered":"<p>Politique de Confidentialit\u00e9 L&rsquo;engagement de Micau, S.A. en faveur de la protection de la vie priv\u00e9e\u00a0 Cette Politique refl\u00e8te le souci de Micau, S.A. de prot\u00e9ger et d&rsquo;assurer \u00e0 nos clients l&rsquo;utilisation correcte des donn\u00e9es personnelles fournies, en agissant conform\u00e9ment aux lois et r\u00e9glementations applicables, \u00e0 savoir le R\u00e8glement (UE) 2016\/679 &#8211; R\u00e8glement G\u00e9n\u00e9ral sur [&hellip;]<\/p>\n","protected":false},"author":4,"featured_media":0,"parent":0,"menu_order":0,"comment_status":"closed","ping_status":"closed","template":"elementor_header_footer","meta":{"_acf_changed":false,"_monsterinsights_skip_tracking":false,"_monsterinsights_sitenote_active":false,"_monsterinsights_sitenote_note":"","_monsterinsights_sitenote_category":0,"footnotes":""},"class_list":["post-10311","page","type-page","status-publish","hentry"],"acf":[],"yoast_head":"<!-- This site is optimized with the Yoast SEO plugin v20.13 - https:\/\/yoast.com\/wordpress\/plugins\/seo\/ -->\n<title>Politique de Confidentialit\u00e9 - Micau<\/title>\n<meta name=\"robots\" content=\"index, follow, max-snippet:-1, max-image-preview:large, max-video-preview:-1\" \/>\n<link rel=\"canonical\" href=\"https:\/\/micau.pt\/fr\/politique-de-confidentialite\/\" \/>\n<meta property=\"og:locale\" content=\"fr_FR\" \/>\n<meta property=\"og:type\" content=\"article\" \/>\n<meta property=\"og:title\" content=\"Politique de Confidentialit\u00e9 - Micau\" \/>\n<meta property=\"og:description\" content=\"Politique de Confidentialit\u00e9 L&rsquo;engagement de Micau, S.A. en faveur de la protection de la vie priv\u00e9e\u00a0 Cette Politique refl\u00e8te le souci de Micau, S.A. de prot\u00e9ger et d&rsquo;assurer \u00e0 nos clients l&rsquo;utilisation correcte des donn\u00e9es personnelles fournies, en agissant conform\u00e9ment aux lois et r\u00e9glementations applicables, \u00e0 savoir le R\u00e8glement (UE) 2016\/679 &#8211; R\u00e8glement G\u00e9n\u00e9ral sur [&hellip;]\" \/>\n<meta property=\"og:url\" content=\"https:\/\/micau.pt\/fr\/politique-de-confidentialite\/\" \/>\n<meta property=\"og:site_name\" content=\"Micau\" \/>\n<meta property=\"article:publisher\" content=\"https:\/\/www.facebook.com\/people\/Micau\/100063608599130\/\" \/>\n<meta property=\"article:modified_time\" content=\"2023-08-28T18:41:05+00:00\" \/>\n<meta property=\"og:image\" content=\"https:\/\/micau.pt\/wp-content\/uploads\/2020\/05\/home-banner-style-1.png\" \/>\n<meta name=\"twitter:card\" content=\"summary_large_image\" \/>\n<meta name=\"twitter:label1\" content=\"Dur\u00e9e de lecture estim\u00e9e\" \/>\n\t<meta name=\"twitter:data1\" content=\"3 minutes\" \/>\n<script type=\"application\/ld+json\" class=\"yoast-schema-graph\">{\"@context\":\"https:\/\/schema.org\",\"@graph\":[{\"@type\":\"WebPage\",\"@id\":\"https:\/\/micau.pt\/fr\/politique-de-confidentialite\/\",\"url\":\"https:\/\/micau.pt\/fr\/politique-de-confidentialite\/\",\"name\":\"Politique de Confidentialit\u00e9 - Micau\",\"isPartOf\":{\"@id\":\"https:\/\/micau.pt\/fr\/#website\"},\"datePublished\":\"2023-08-28T17:47:06+00:00\",\"dateModified\":\"2023-08-28T18:41:05+00:00\",\"breadcrumb\":{\"@id\":\"https:\/\/micau.pt\/fr\/politique-de-confidentialite\/#breadcrumb\"},\"inLanguage\":\"fr-FR\",\"potentialAction\":[{\"@type\":\"ReadAction\",\"target\":[\"https:\/\/micau.pt\/fr\/politique-de-confidentialite\/\"]}]},{\"@type\":\"BreadcrumbList\",\"@id\":\"https:\/\/micau.pt\/fr\/politique-de-confidentialite\/#breadcrumb\",\"itemListElement\":[{\"@type\":\"ListItem\",\"position\":1,\"name\":\"Home\",\"item\":\"https:\/\/micau.pt\/fr\/\"},{\"@type\":\"ListItem\",\"position\":2,\"name\":\"Politique de Confidentialit\u00e9\"}]},{\"@type\":\"WebSite\",\"@id\":\"https:\/\/micau.pt\/fr\/#website\",\"url\":\"https:\/\/micau.pt\/fr\/\",\"name\":\"Micau\",\"description\":\"Somos uma empresa que, desde a sua funda\u00e7\u00e3o, em 1966, se dedica essencialmente ao fabrico de caramelo l\u00edquido e pr\u00e9-misturas para sobremesas.\",\"publisher\":{\"@id\":\"https:\/\/micau.pt\/fr\/#organization\"},\"potentialAction\":[{\"@type\":\"SearchAction\",\"target\":{\"@type\":\"EntryPoint\",\"urlTemplate\":\"https:\/\/micau.pt\/fr\/?s={search_term_string}\"},\"query-input\":\"required name=search_term_string\"}],\"inLanguage\":\"fr-FR\"},{\"@type\":\"Organization\",\"@id\":\"https:\/\/micau.pt\/fr\/#organization\",\"name\":\"Micau\",\"url\":\"https:\/\/micau.pt\/fr\/\",\"logo\":{\"@type\":\"ImageObject\",\"inLanguage\":\"fr-FR\",\"@id\":\"https:\/\/micau.pt\/fr\/#\/schema\/logo\/image\/\",\"url\":\"https:\/\/micau.pt\/wp-content\/uploads\/2020\/04\/cropped-MicauFavicon-1.png\",\"contentUrl\":\"https:\/\/micau.pt\/wp-content\/uploads\/2020\/04\/cropped-MicauFavicon-1.png\",\"width\":512,\"height\":512,\"caption\":\"Micau\"},\"image\":{\"@id\":\"https:\/\/micau.pt\/fr\/#\/schema\/logo\/image\/\"},\"sameAs\":[\"https:\/\/www.facebook.com\/people\/Micau\/100063608599130\/\"]}]}<\/script>\n<!-- \/ Yoast SEO plugin. -->","yoast_head_json":{"title":"Politique de Confidentialit\u00e9 - Micau","robots":{"index":"index","follow":"follow","max-snippet":"max-snippet:-1","max-image-preview":"max-image-preview:large","max-video-preview":"max-video-preview:-1"},"canonical":"https:\/\/micau.pt\/fr\/politique-de-confidentialite\/","og_locale":"fr_FR","og_type":"article","og_title":"Politique de Confidentialit\u00e9 - Micau","og_description":"Politique de Confidentialit\u00e9 L&rsquo;engagement de Micau, S.A. en faveur de la protection de la vie priv\u00e9e\u00a0 Cette Politique refl\u00e8te le souci de Micau, S.A. de prot\u00e9ger et d&rsquo;assurer \u00e0 nos clients l&rsquo;utilisation correcte des donn\u00e9es personnelles fournies, en agissant conform\u00e9ment aux lois et r\u00e9glementations applicables, \u00e0 savoir le R\u00e8glement (UE) 2016\/679 &#8211; R\u00e8glement G\u00e9n\u00e9ral sur [&hellip;]","og_url":"https:\/\/micau.pt\/fr\/politique-de-confidentialite\/","og_site_name":"Micau","article_publisher":"https:\/\/www.facebook.com\/people\/Micau\/100063608599130\/","article_modified_time":"2023-08-28T18:41:05+00:00","og_image":[{"url":"https:\/\/micau.pt\/wp-content\/uploads\/2020\/05\/home-banner-style-1.png"}],"twitter_card":"summary_large_image","twitter_misc":{"Dur\u00e9e de lecture estim\u00e9e":"3 minutes"},"schema":{"@context":"https:\/\/schema.org","@graph":[{"@type":"WebPage","@id":"https:\/\/micau.pt\/fr\/politique-de-confidentialite\/","url":"https:\/\/micau.pt\/fr\/politique-de-confidentialite\/","name":"Politique de Confidentialit\u00e9 - Micau","isPartOf":{"@id":"https:\/\/micau.pt\/fr\/#website"},"datePublished":"2023-08-28T17:47:06+00:00","dateModified":"2023-08-28T18:41:05+00:00","breadcrumb":{"@id":"https:\/\/micau.pt\/fr\/politique-de-confidentialite\/#breadcrumb"},"inLanguage":"fr-FR","potentialAction":[{"@type":"ReadAction","target":["https:\/\/micau.pt\/fr\/politique-de-confidentialite\/"]}]},{"@type":"BreadcrumbList","@id":"https:\/\/micau.pt\/fr\/politique-de-confidentialite\/#breadcrumb","itemListElement":[{"@type":"ListItem","position":1,"name":"Home","item":"https:\/\/micau.pt\/fr\/"},{"@type":"ListItem","position":2,"name":"Politique de Confidentialit\u00e9"}]},{"@type":"WebSite","@id":"https:\/\/micau.pt\/fr\/#website","url":"https:\/\/micau.pt\/fr\/","name":"Micau","description":"Somos uma empresa que, desde a sua funda\u00e7\u00e3o, em 1966, se dedica essencialmente ao fabrico de caramelo l\u00edquido e pr\u00e9-misturas para sobremesas.","publisher":{"@id":"https:\/\/micau.pt\/fr\/#organization"},"potentialAction":[{"@type":"SearchAction","target":{"@type":"EntryPoint","urlTemplate":"https:\/\/micau.pt\/fr\/?s={search_term_string}"},"query-input":"required name=search_term_string"}],"inLanguage":"fr-FR"},{"@type":"Organization","@id":"https:\/\/micau.pt\/fr\/#organization","name":"Micau","url":"https:\/\/micau.pt\/fr\/","logo":{"@type":"ImageObject","inLanguage":"fr-FR","@id":"https:\/\/micau.pt\/fr\/#\/schema\/logo\/image\/","url":"https:\/\/micau.pt\/wp-content\/uploads\/2020\/04\/cropped-MicauFavicon-1.png","contentUrl":"https:\/\/micau.pt\/wp-content\/uploads\/2020\/04\/cropped-MicauFavicon-1.png","width":512,"height":512,"caption":"Micau"},"image":{"@id":"https:\/\/micau.pt\/fr\/#\/schema\/logo\/image\/"},"sameAs":["https:\/\/www.facebook.com\/people\/Micau\/100063608599130\/"]}]}},"_links":{"self":[{"href":"https:\/\/micau.pt\/fr\/wp-json\/wp\/v2\/pages\/10311","targetHints":{"allow":["GET"]}}],"collection":[{"href":"https:\/\/micau.pt\/fr\/wp-json\/wp\/v2\/pages"}],"about":[{"href":"https:\/\/micau.pt\/fr\/wp-json\/wp\/v2\/types\/page"}],"author":[{"embeddable":true,"href":"https:\/\/micau.pt\/fr\/wp-json\/wp\/v2\/users\/4"}],"replies":[{"embeddable":true,"href":"https:\/\/micau.pt\/fr\/wp-json\/wp\/v2\/comments?post=10311"}],"version-history":[{"count":14,"href":"https:\/\/micau.pt\/fr\/wp-json\/wp\/v2\/pages\/10311\/revisions"}],"predecessor-version":[{"id":10365,"href":"https:\/\/micau.pt\/fr\/wp-json\/wp\/v2\/pages\/10311\/revisions\/10365"}],"wp:attachment":[{"href":"https:\/\/micau.pt\/fr\/wp-json\/wp\/v2\/media?parent=10311"}],"curies":[{"name":"wp","href":"https:\/\/api.w.org\/{rel}","templated":true}]}}